{"id":323,"date":"2015-10-02T09:23:48","date_gmt":"2015-10-02T09:23:48","guid":{"rendered":"http:\/\/www.avicolaesquiroz.com?page_id=323"},"modified":"2015-10-02T09:32:18","modified_gmt":"2015-10-02T09:32:18","slug":"aviso-legal","status":"publish","type":"page","link":"https:\/\/www.avicolaesquiroz.com\/index.php\/aviso-legal\/","title":{"rendered":"Aviso Legal"},"content":{"rendered":"<p>Aviso e infomaci\u00f3n legales<\/p>\n<p>La p\u00e1gina web http:\/\/www.avicolaesquiroz.com , en adelante &#8220;avicolaesquiroz.com&#8221;, ha sido desarrollada y puesta a disposici\u00f3n de los usuarios de Internet por STI Norland con domicilio social en Avda. Sancho el Fuerte, n\u00ba 26, C.P.: 31008. Pamplona (Espa\u00f1a). La informaci\u00f3n contenida en este webs es comprobada y actualizada por avicolaesquiroz.com de forma regular con las debidas diligencias.<\/p>\n<p>A pesar de ello, los datos pueden estar sujetos a cambios en cualquier momento. Por ello, avicolaesquiroz.com no asume ninguna responsabilidad o garant\u00eda de exactitud y totalidad de informaci\u00f3n suministrada. Esto se aplica tambi\u00e9n a otros webs a los que se puede acceder a trav\u00e9s de hiperlinks. avicolaesquiroz.com no asume ninguna responsabilidad del contenido de webs a las que se puede acceder por tales enlaces (hiperlinks). avicolaesquiroz.com se reserva el derecho de cambiar o enmendar la informaci\u00f3n proporcionada en cualquier momento y sin previo aviso.<\/p>\n<p>As\u00ed mismo, alguna im\u00e1genes expuestas en esta web han sido extra\u00eddas de web p\u00fablicas y de libre acceso y en ning\u00fan lugar se hacia menci\u00f3n alguna a derechos de autor. No obstante si existe un titular de los derechos intelectuales sobre alguna de estas im\u00e1genes, sobre cuya existencia no hemos sido informados y no desea que sean mostradas en esta web o bien desea que se haga menci\u00f3n a su titularidad, h\u00e1ganoslo saber a trav\u00e9s de un correo electr\u00f3nico y ser\u00e1n retiradas o en su caso modificadas en un breve espacio de tiempo.<br \/>\nCondiciones de uso<\/p>\n<p>Los contenidos y la estructura de las webs de avicolaesquiroz.com est\u00e1 protegidos con copy-right. La reproducci\u00f3n de informaci\u00f3n o el contenido de datos, en particular el empleo de texto, cuadros (im\u00e1genes) o gr\u00e1ficos, requiere la aprobaci\u00f3n previa de avicolaesquiroz.com. Est\u00e1 permitido el uso de boletines de prensas y otros documentos clasificados como p\u00fablicos.<br \/>\nPol\u00edtica general de privacidad<\/p>\n<p>avicolaesquiroz.com, como empresa sensibilizada con la protecci\u00f3n de la privacidad de las personas f\u00edsicas, informa a los usuarios de este sitio Web, a fin de \u00e9stos puedan decidir libre y voluntariamente si desean proporcionar los datos personales que se puedan solicitar, que: En cada momento que el usuario decida proporcionar datos de car\u00e1cter personal se le informar\u00e1, de modo expreso, preciso e inequ\u00edvoco de que sus datos se podr\u00e1n incorporar a un fichero; de la identidad del responsable del mismo; de las finalidades determinadas, explicitas y leg\u00edtimas para las que se recogen los datos y de la posibilidad de ejercitar sus derechos de acceso, rectificaci\u00f3n, cancelaci\u00f3n y oposici\u00f3n.<\/p>\n<p>Los ficheros de datos de los que es responsable avicolaesquiroz.com han sido declarados ante el Registro General de Protecci\u00f3n de Datos de la Agencia Espa\u00f1ola de Protecci\u00f3n de Datos. Asimismo, tiene implantadas las medidas de seguridad establecidas en el Real Decreto 994\/1999, de 11 de junio, por el que se aprueba el Reglamento de Medidas de Seguridad de los Ficheros Automatizados que contengan datos de car\u00e1cter personal. avicolaesquiroz.com guardar\u00e1 secreto sobre los datos e informaciones que nos facilite no cediendo sus datos a terceros. Las p\u00e1ginas Web utilizan cookies. Las cookies son peque\u00f1os elementos de datos que un sitio Web puede enviar a su programa de navegaci\u00f3n con el objeto de reconocer a los usuarios registrados y registrar el n\u00famero de visitas. En cualquier caso siempre podr\u00e1 configurar su navegador de forma que no reciba cookies o que le avise de la recepci\u00f3n de las mismas.<\/p>\n<p>Podr\u00e1 ejercitar los derechos de acceso, rectificaci\u00f3n, cancelaci\u00f3n y oposici\u00f3n dirigi\u00e9ndose por escrito a avicolaesquiroz.com<\/p>\n","protected":false},"excerpt":{"rendered":"<p>Aviso e infomaci\u00f3n legales La p\u00e1gina web http:\/\/www.avicolaesquiroz.com , en adelante &#8220;avicolaesquiroz.com&#8221;, ha sido desarrollada y puesta a disposici\u00f3n de los usuarios de Internet por STI Norland con domicilio social en Avda. Sancho el Fuerte, n\u00ba 26, C.P.: 31008. Pamplona (Espa\u00f1a). La informaci\u00f3n contenida en este webs es comprobada y actualizada por avicolaesquiroz.com de forma [&hellip;]<\/p>\n","protected":false},"author":2,"featured_media":0,"parent":0,"menu_order":0,"comment_status":"open","ping_status":"open","template":"template-full-width.php","meta":[],"_links":{"self":[{"href":"https:\/\/www.avicolaesquiroz.com\/index.php\/wp-json\/wp\/v2\/pages\/323"}],"collection":[{"href":"https:\/\/www.avicolaesquiroz.com\/index.php\/wp-json\/wp\/v2\/pages"}],"about":[{"href":"https:\/\/www.avicolaesquiroz.com\/index.php\/wp-json\/wp\/v2\/types\/page"}],"author":[{"embeddable":true,"href":"https:\/\/www.avicolaesquiroz.com\/index.php\/wp-json\/wp\/v2\/users\/2"}],"replies":[{"embeddable":true,"href":"https:\/\/www.avicolaesquiroz.com\/index.php\/wp-json\/wp\/v2\/comments?post=323"}],"version-history":[{"count":3,"href":"https:\/\/www.avicolaesquiroz.com\/index.php\/wp-json\/wp\/v2\/pages\/323\/revisions"}],"predecessor-version":[{"id":327,"href":"https:\/\/www.avicolaesquiroz.com\/index.php\/wp-json\/wp\/v2\/pages\/323\/revisions\/327"}],"wp:attachment":[{"href":"https:\/\/www.avicolaesquiroz.com\/index.php\/wp-json\/wp\/v2\/media?parent=323"}],"curies":[{"name":"wp","href":"https:\/\/api.w.org\/{rel}","templated":true}]}}